{"id":751,"date":"2022-07-18T14:35:23","date_gmt":"2022-07-18T17:35:23","guid":{"rendered":"https:\/\/estaticon.com.br\/site\/?page_id=751"},"modified":"2025-08-05T16:53:56","modified_gmt":"2025-08-05T19:53:56","slug":"sobre-nos","status":"publish","type":"page","link":"https:\/\/estaticon.com.br\/site\/sobre-nos\/","title":{"rendered":"Sobre N\u00f3s"},"content":{"rendered":"<p>[vc_row][vc_column width=&#8221;2\/3&#8243;]<div id=\"cz_51612\" class=\"cz_51612 cz_title clr cz_title_pos_inline\"><div class=\"cz_title_content\"><div class=\"cz_wpe_content\"><h3 style=\"text-align: left; color: #c23437;\"><span style=\"font-size: 28px;\"><strong>ESTATICON<\/strong><\/span><\/h3>\n<p style=\"text-align: left;\"><span style=\"color: #555555;\">Est\u00e1tica sobre controle<\/span><\/p>\n<\/div><\/div><\/div>[vc_empty_space][vc_column_text]Como nosso lema diz a Estaticon vem desde 2011 trabalhando e desenvolvendo produtos para controle da est\u00e1tica nos mais diversos segmentos como industrias eletr\u00f4nicas, automotivas, sala limpa entre outros.<\/p>\n<p>Contando com fortes parceiros internacionais a Estaticon se tornou uma das principais empresas fabricante e distribuidora de produtos para controle ESD no Brasil trazendo aos seus clientes uma ampla gama de produtos com qualidade e pre\u00e7os altamente competitivos.<\/p>\n<p>Possu\u00edmos uma equipe especializada que traz aos nossos clientes al\u00e9m de um atendimento diferenciado uma abordagem t\u00e9cnica na implementa\u00e7\u00e3o de nossos produtos.<\/p>\n<p>Contando com uma linha com mais de 350 itens em nosso portf\u00f3lio, atendendo mais de 1000 clientes em todo territ\u00f3rio nacional nos tornando umas das empresa mais atuantes e reconhecidas nesse mercado.<\/p>\n<p>Nosso objetivo \u00e9 construir verdadeiras parcerias entre nossos clientes e fornecedores de uma forma sustent\u00e1vel e saud\u00e1vel para todas as partes.[\/vc_column_text][\/vc_column][vc_column width=&#8221;1\/3&#8243;][vc_single_image image=&#8221;32&#8243; img_size=&#8221;full&#8221;]<div id=\"cz_24521\" data-arrows='{\"open\":\"fa fa-chevron-right\",\"close\":\"fa fa-chevron-down\"}' class=\"cz_24521 cz_acc clr cz_acc_first_open\"><div><div><span class=\"cz_acc_child\"><div>Vis\u00e3o<\/div><\/span><div class=\"cz_acc_child_content clr\">[vc_column_text]Ser a maior e mais diversificada empresa em produtos antiest\u00e1ticos em ambito nacional.[\/vc_column_text]<\/div><\/div><div><span class=\"cz_acc_child\"><div>Miss\u00e3o<\/div><\/span><div class=\"cz_acc_child_content clr\">[vc_column_text]Fornecer solu\u00e7\u00f5es para controle de est\u00e1tica para nossos clientes e parceiros comerciais garantindo a melhor qualidade pelo pre\u00e7o mais competitivo do mercado.[\/vc_column_text]<\/div><\/div><div><span class=\"cz_acc_child\"><div>Valores<\/div><\/span><div class=\"cz_acc_child_content clr\">[vc_column_text]\u00c9tica profissional entre clientes e fornecedores, constante desenvolvimento em nossa equipe de trabalho e comprometimento com a qualidade de nossos produtos.[\/vc_column_text]<\/div><\/div><div><span class=\"cz_acc_child\"><div>Pol\u00edtica da qualidade<\/div><\/span><div class=\"cz_acc_child_content clr\">[vc_column_text]Garantir a Satisfa\u00e7\u00e3o dos Clientes atrav\u00e9s da Qualidade dos produtos e servi\u00e7os atendendo aos requisitos aplic\u00e1veis.<\/p>\n<p>Melhoria Cont\u00ednua de nossos processos produtivos e administrativos.<\/p>\n<p>Garantir o desenvolvimento de nossos recursos humanos.[\/vc_column_text]<\/div><\/div><\/div><\/div>[\/vc_column][\/vc_row][vc_row][vc_column][vc_empty_space][\/vc_column][\/vc_row][vc_row full_width=&#8221;stretch_row&#8221; css=&#8221;.vc_custom_1607366039459{margin-bottom: -64px !important;background-color: #f4f4f4 !important;}&#8221;][vc_column][vc_empty_space height=&#8221;64px&#8221;][vc_column_text]<strong>ELETRICIDADE EST\u00c1TICA \u2013 PROTEJA-SE<\/strong>[\/vc_column_text][vc_column_text]A Energia Eletrost\u00e1tica \u00e9 toda carga el\u00e9trica de um corpo em que os \u00e1tomos apresentam cargas diferentes da encontradas no seu neutro. Esse fen\u00f4meno pode se originar atrav\u00e9s do atrito de dois corpos.<\/p>\n<p>Muitos componentes eletr\u00f4nicos e conjuntos usados \u200b\u200bem produtos de alta tecnologia podem ser danificados ou degradados pela troca repentina de cargas el\u00e9tricas est\u00e1ticas. Essa libera\u00e7\u00e3o de energia armazenada \u00e9 chamada de Descarga Eletrost\u00e1tica ou ESD.<\/p>\n<p>Com o aumentos de produtos com tecnologia SMD ( Surface Mount Device) e a miniaturiza\u00e7\u00e3o dos componentes como transistores, diodos, diodos laser, CI, entre outros a necessidade de controle da descarga eletrost\u00e1tica em seus processos de fabrica\u00e7\u00e3o (desde a fabrica\u00e7\u00e3o de wafer at\u00e9 placas de circuito preenchidas em subconjuntos e conjuntos) se fez muito mais necess\u00e1rio.<\/p>\n<p>Em estat\u00edsticas globais s\u00e3o estimados que as perdas de produtos eletr\u00f4nicos causadas por descarga eletrost\u00e1tica variam de 9% a 35%.<\/p>\n<p>No entanto, a implementa\u00e7\u00e3o de um Programa de Controle de ESD eficaz reduz drasticamente o retrabalho dos produtos e melhora a confiabilidade, impactando em redu\u00e7\u00e3o de custos de garantia.<\/p>\n<p>Com grande know-how nessa \u00e1rea a Estaticon fornece todo apoio (produtos e consultoria) para as empresas envolvidas em projeto e produ\u00e7\u00e3o de eletr\u00f4nicos criem \u00e1reas protegidas contra ESD (EPAs) ou esta\u00e7\u00f5es de trabalho onde os princ\u00edpios de controle de ESD podem ser observados, reduzindo eventos de ESD e evitando os danos que eles causam.[\/vc_column_text][vc_empty_space][\/vc_column][\/vc_row]<\/p>\n","protected":false},"excerpt":{"rendered":"<p>[vc_row][vc_column width=&#8221;2\/3&#8243;][vc_empty_space][vc_column_text]Como nosso lema diz a Estaticon vem desde 2011 trabalhando &#8230; <\/p>\n","protected":false},"author":1,"featured_media":0,"parent":0,"menu_order":0,"comment_status":"closed","ping_status":"closed","template":"","meta":[],"_links":{"self":[{"href":"https:\/\/estaticon.com.br\/site\/wp-json\/wp\/v2\/pages\/751"}],"collection":[{"href":"https:\/\/estaticon.com.br\/site\/wp-json\/wp\/v2\/pages"}],"about":[{"href":"https:\/\/estaticon.com.br\/site\/wp-json\/wp\/v2\/types\/page"}],"author":[{"embeddable":true,"href":"https:\/\/estaticon.com.br\/site\/wp-json\/wp\/v2\/users\/1"}],"replies":[{"embeddable":true,"href":"https:\/\/estaticon.com.br\/site\/wp-json\/wp\/v2\/comments?post=751"}],"version-history":[{"count":6,"href":"https:\/\/estaticon.com.br\/site\/wp-json\/wp\/v2\/pages\/751\/revisions"}],"predecessor-version":[{"id":788,"href":"https:\/\/estaticon.com.br\/site\/wp-json\/wp\/v2\/pages\/751\/revisions\/788"}],"wp:attachment":[{"href":"https:\/\/estaticon.com.br\/site\/wp-json\/wp\/v2\/media?parent=751"}],"curies":[{"name":"wp","href":"https:\/\/api.w.org\/{rel}","templated":true}]}}